{"id":412,"date":"2014-01-09T11:21:11","date_gmt":"2014-01-09T11:21:11","guid":{"rendered":"http:\/\/www.dar47.com\/wordpress\/?page_id=412"},"modified":"2014-01-10T14:37:21","modified_gmt":"2014-01-10T14:37:21","slug":"412-2","status":"publish","type":"page","link":"https:\/\/www.dar47.com\/?page_id=412&lang=fr","title":{"rendered":""},"content":{"rendered":"<p>DAR 47 est une maison r\u00e9cemment restaur\u00e9e situ\u00e9e dans la m\u00e9dina de F\u00e8s &#8211; cit\u00e9 m\u00e9di\u00e9vale r\u00e9pertori\u00e9e au patrimone mondial de l&#8217;UNESCO depuis 1981. Bien que le tourisme soit en augmentation, F\u00e8s a gard\u00e9 son ambiance charmante et une \u00e9nergie irr\u00e9pressible.<\/p>\n<p>DAR 47 forunit un \u00e9chappatoire \u00e0 l&#8217;intensit\u00e9 de la m\u00e9dina. On peut se d\u00e9tendre et conna\u00eet l&#8217;hospitalit\u00e9 marocaine dans un d\u00e9cor confortable.<\/p>\n<p>DAR 47 est \u00e0 louer \u00e0 court terme et elle peut loger jusqu&#8217;\u00e0 neuf clients. Merci de nous contacter pour toutes informations compl\u00e9mentaires.<\/p>\n<p>Tripadvisor:<\/p>\n<p><a href=\"http:\/\/www.tripadvisor.co.uk\/VacationRentalReview-g293733-d1457492-DAR_47_a_stylish_retreat_in_the_ancient_medina-Fes_Fes_Boulemane_Region.html\"><img decoding=\"async\" alt=\"\" src=\"http:\/\/www.dar47.com\/wordpress\/wp-content\/uploads\/2013\/12\/ta-large-11418-0.gif\" border=\"0\" \/><\/a><\/p>\n","protected":false},"excerpt":{"rendered":"<p>DAR 47 est une maison r\u00e9cemment restaur\u00e9e situ\u00e9e dans la m\u00e9dina de F\u00e8s &#8211; cit\u00e9 m\u00e9di\u00e9vale r\u00e9pertori\u00e9e au patrimone mondial de l&#8217;UNESCO depuis 1981. Bien que le tourisme soit en augmentation, F\u00e8s a gard\u00e9 son ambiance charmante et une \u00e9nergie irr\u00e9pressible. DAR 47 forunit un \u00e9chappatoire \u00e0 l&#8217;intensit\u00e9 de la[&#8230;]<\/p>\n","protected":false},"author":1,"featured_media":0,"parent":0,"menu_order":0,"comment_status":"open","ping_status":"open","template":"template-front.php","meta":{"footnotes":""},"_links":{"self":[{"href":"https:\/\/www.dar47.com\/index.php?rest_route=\/wp\/v2\/pages\/412"}],"collection":[{"href":"https:\/\/www.dar47.com\/index.php?rest_route=\/wp\/v2\/pages"}],"about":[{"href":"https:\/\/www.dar47.com\/index.php?rest_route=\/wp\/v2\/types\/page"}],"author":[{"embeddable":true,"href":"https:\/\/www.dar47.com\/index.php?rest_route=\/wp\/v2\/users\/1"}],"replies":[{"embeddable":true,"href":"https:\/\/www.dar47.com\/index.php?rest_route=%2Fwp%2Fv2%2Fcomments&post=412"}],"version-history":[{"count":10,"href":"https:\/\/www.dar47.com\/index.php?rest_route=\/wp\/v2\/pages\/412\/revisions"}],"predecessor-version":[{"id":554,"href":"https:\/\/www.dar47.com\/index.php?rest_route=\/wp\/v2\/pages\/412\/revisions\/554"}],"wp:attachment":[{"href":"https:\/\/www.dar47.com\/index.php?rest_route=%2Fwp%2Fv2%2Fmedia&parent=412"}],"curies":[{"name":"wp","href":"https:\/\/api.w.org\/{rel}","templated":true}]}}